{"id":404,"date":"2022-08-10T11:53:31","date_gmt":"2022-08-10T10:53:31","guid":{"rendered":"http:\/\/windrichtung-begleitung.de\/?page_id=404"},"modified":"2022-08-10T12:01:42","modified_gmt":"2022-08-10T11:01:42","slug":"info-gesetze","status":"publish","type":"page","link":"https:\/\/windrichtung-begleitung.de\/index.php\/info-gesetze\/","title":{"rendered":"info &#038; Gesetze"},"content":{"rendered":"<p>[et_pb_section fb_built=&#8221;1&#8243; _builder_version=&#8221;4.17.6&#8243; _module_preset=&#8221;default&#8221; custom_padding=&#8221;||0px|||&#8221; global_colors_info=&#8221;{}&#8221; theme_builder_area=&#8221;post_content&#8221;][et_pb_row _builder_version=&#8221;4.17.6&#8243; _module_preset=&#8221;default&#8221; global_colors_info=&#8221;{}&#8221; theme_builder_area=&#8221;post_content&#8221;][et_pb_column type=&#8221;4_4&#8243; _builder_version=&#8221;4.17.6&#8243; _module_preset=&#8221;default&#8221; global_colors_info=&#8221;{}&#8221; theme_builder_area=&#8221;post_content&#8221;][et_pb_text _builder_version=&#8221;4.17.6&#8243; _module_preset=&#8221;default&#8221; header_font=&#8221;|800|||on||||&#8221; header_text_align=&#8221;center&#8221; header_font_size=&#8221;49px&#8221; custom_margin=&#8221;-51px||-38px|||&#8221; header_text_shadow_style=&#8221;preset1&#8243; header_text_shadow_horizontal_length=&#8221;0.33em&#8221; global_colors_info=&#8221;{}&#8221; theme_builder_area=&#8221;post_content&#8221; custom_padding=&#8221;||0px|||&#8221;]<\/p>\n<header id=\"SITE_HEADER_WRAPPER\" tabindex=\"-1\">\n<div id=\"SITE_HEADER\" class=\"_3Fgqs Xf6e1\">\n<div class=\"_319u9\">\n<div class=\"_1U65c\">\n<div data-mesh-id=\"SITE_HEADERinlineContent\" data-testid=\"inline-content\" class=\"\">\n<div data-mesh-id=\"SITE_HEADERinlineContent-gridContainer\" data-testid=\"mesh-container-content\">\n<div id=\"comp-krbzbl33\" class=\"_1Q9if _3bcaz\" data-testid=\"richTextElement\" data-angle=\"0\" data-angle-style-location=\"style\" data-screen-in-hide=\"done\">\n<h1 class=\"font_2\"><span>Windrichtung-Begleitung<\/span><\/h1>\n<\/div>\n<\/div>\n<\/div>\n<\/div>\n<\/div>\n<\/div>\n<\/header>\n<p><main id=\"PAGES_CONTAINER\" tabindex=\"-1\"><\/p>\n<div id=\"SITE_PAGES\" class=\"_1gF1C\">\n<div id=\"SITE_PAGES_TRANSITION_GROUP\" class=\"_2YGAo\">\n<div id=\"iijbr\" class=\"Ry26q\"><\/div>\n<\/div>\n<\/div>\n<p><\/main><\/p>\n<p>[\/et_pb_text][\/et_pb_column][\/et_pb_row][\/et_pb_section][et_pb_section fb_built=&#8221;1&#8243; theme_builder_area=&#8221;post_content&#8221; _builder_version=&#8221;4.17.6&#8243; _module_preset=&#8221;default&#8221; title_text=&#8221;fc9f4d_b0639bdc82db48bba109ec076b5d2602_mv2&#8243; background_image=&#8221;http:\/\/windrichtung-begleitung.de\/wp-content\/uploads\/2022\/08\/fc9f4d_b0639bdc82db48bba109ec076b5d2602_mv2.webp&#8221; hover_enabled=&#8221;0&#8243; sticky_enabled=&#8221;0&#8243; custom_padding=&#8221;||374px|||&#8221;][\/et_pb_section][et_pb_section fb_built=&#8221;1&#8243; theme_builder_area=&#8221;post_content&#8221; _builder_version=&#8221;4.17.6&#8243; _module_preset=&#8221;default&#8221;][et_pb_row _builder_version=&#8221;4.17.6&#8243; _module_preset=&#8221;default&#8221; theme_builder_area=&#8221;post_content&#8221;][et_pb_column _builder_version=&#8221;4.17.6&#8243; _module_preset=&#8221;default&#8221; type=&#8221;4_4&#8243; theme_builder_area=&#8221;post_content&#8221;][et_pb_text _builder_version=&#8221;4.17.6&#8243; _module_preset=&#8221;default&#8221; theme_builder_area=&#8221;post_content&#8221; hover_enabled=&#8221;0&#8243; sticky_enabled=&#8221;0&#8243;]<\/p>\n<div id=\"comp-im0ornbq\" class=\"_1Q9if _3bcaz\" data-testid=\"richTextElement\">\n<h1 class=\"font_2\" style=\"text-align: center;\"><strong>Informationen und Gesetze<\/strong><\/h1>\n<\/div>\n<div id=\"comp-iltimp9g\" class=\"_1Q9if _3bcaz\" data-testid=\"richTextElement\" style=\"text-align: center;\"><span>Rechtliche Grundlagen \/ die wichtigsten Paragrafen<\/span><\/div>\n<p>[\/et_pb_text][\/et_pb_column][\/et_pb_row][et_pb_row _builder_version=&#8221;4.17.6&#8243; _module_preset=&#8221;default&#8221; theme_builder_area=&#8221;post_content&#8221; column_structure=&#8221;1_2,1_2&#8243;][et_pb_column _builder_version=&#8221;4.17.6&#8243; _module_preset=&#8221;default&#8221; type=&#8221;1_2&#8243; theme_builder_area=&#8221;post_content&#8221;][et_pb_text _builder_version=&#8221;4.17.6&#8243; _module_preset=&#8221;default&#8221; theme_builder_area=&#8221;post_content&#8221; hover_enabled=&#8221;0&#8243; sticky_enabled=&#8221;0&#8243;]<\/p>\n<p class=\"font_8\" style=\"text-align: justify;\"><span>Rechtliche Grundlagen\/die wichtigsten Paragrafen<\/span><\/p>\n<p class=\"font_8\" style=\"text-align: justify;\"><span><span class=\"wixGuard\">\u200b<\/span><\/span><\/p>\n<p class=\"font_8\" style=\"text-align: justify;\"><span>\u00a7 2 Abs. 1 BTHG \u2013 Begriffsbestimmungen<\/span><\/p>\n<p class=\"font_8\" style=\"text-align: justify;\"><span>(1)<\/span><\/p>\n<p class=\"font_8\" style=\"text-align: justify;\"><span>1. Menschen mit Behinderungen sind Menschen, die k\u00f6rperliche, seelische, geistige oder Sinnesbeeintr\u00e4chtigungen haben, die sie in Wechselwirkung mit einstellungs- und umweltbedingten Barrieren an der gleichberechtigten Teilhabe an der Gesellschaft mit hoher Wahrscheinlichkeit l\u00e4nger als sechs Monate hindern k\u00f6nnen.<\/span><\/p>\n<p class=\"font_8\" style=\"text-align: justify;\">\n<p class=\"font_8\" style=\"text-align: justify;\"><span>2. Eine Beeintr\u00e4chtigung nach Satz 1 liegt vor, wenn der K\u00f6rper- und Gesundheitszustand von dem f\u00fcr das Lebensalter typischen Zustand abweicht.<\/span><\/p>\n<p class=\"font_8\" style=\"text-align: justify;\">\n<p class=\"font_8\" style=\"text-align: justify;\"><span>3. Menschen sind von Behinderung bedroht, wenn eine Beeintr\u00e4chtigung nach Satz 1 zu erwarten ist.<\/span><\/p>\n<p class=\"font_8\" style=\"text-align: justify;\">\u00a7 53 SGB XII \u2013 Leistungsberechtigte und Aufgabe<\/p>\n<p class=\"font_8\" style=\"text-align: justify;\">(1)<\/p>\n<p class=\"font_8\" style=\"text-align: justify;\">Personen, die durch eine Behinderung im Sinne von \u00a7 2 Abs. 1 Satz 1 des Neunten Buches wesentlich in ihrer F\u00e4higkeit, an der Gesellschaft teilzuhaben, eingeschr\u00e4nkt oder von einer solchen wesentlichen Behinderung bedroht sind, erhalten Leistungen der Eingliederungshilfe, wenn und solange nach der Besonderheit des Einzelfalles, insbesondere nach Art oder Schwere der Behinderung, Aussicht besteht, dass die Aufgabe der Eingliederungshilfe erf\u00fcllt werden kann. Personen mit einer anderen k\u00f6rperlichen, geistigen oder seelischen Behinderung k\u00f6nnen Leistungen der Eingliederungshilfe erhalten.<\/p>\n<p class=\"font_8\" style=\"text-align: justify;\">(2)<\/p>\n<p class=\"font_8\" style=\"text-align: justify;\">Von einer Behinderung bedroht sind Personen, bei denen der Eintritt der Behinderung nach fachlicher Erkenntnis mit hoher Wahrscheinlichkeit zu erwarten ist. Dies gilt f\u00fcr Personen, f\u00fcr die vorbeugende Gesundheitshilfe und Hilfe bei Krankheit nach den \u00a7\u00a7 47 und 48 erforderlich ist, nur, wenn auch bei Durchf\u00fchrung dieser Leistungen eine Behinderung einzutreten droht.<\/p>\n<p class=\"font_8\" style=\"text-align: justify;\">(3)<\/p>\n<p class=\"font_8\" style=\"text-align: justify;\">Besondere Aufgabe der Eingliederungshilfe ist es, eine drohende Behinderung zu verh\u00fcten oder eine Behinderung oder deren Folgen zu beseitigen oder zu mildern und die behinderten Menschen in die Gesellschaft einzugliedern. Hierzu geh\u00f6rt insbesondere, den behinderten Menschen die Teilnahme am Leben in der Gemeinschaft zu erm\u00f6glichen oder zu erleichtern, ihnen die Aus\u00fcbung eines angemessenen Berufs oder einer sonstigen angemessenen T\u00e4tigkeit zu erm\u00f6glichen oder sie so weit wie m\u00f6glich unabh\u00e4ngig von Pflege zu machen.<\/p>\n<p class=\"font_8\" style=\"text-align: justify;\">(4)<\/p>\n<p class=\"font_8\" style=\"text-align: justify;\">F\u00fcr die Leistungen zur Teilhabe gelten die Vorschriften des Neunten Buches, soweit sich aus diesem Buch und den auf Grund dieses Buches erlassenen Rechtsverordnungen nichts Abweichendes ergibt. Die Zust\u00e4ndigkeit und die Voraussetzungen f\u00fcr die Leistungen zur Teilhabe richten sich nach diesem Buch.<\/p>\n<p>[\/et_pb_text][\/et_pb_column][et_pb_column _builder_version=&#8221;4.17.6&#8243; _module_preset=&#8221;default&#8221; type=&#8221;1_2&#8243; theme_builder_area=&#8221;post_content&#8221;][et_pb_text _builder_version=&#8221;4.17.6&#8243; _module_preset=&#8221;default&#8221; theme_builder_area=&#8221;post_content&#8221; hover_enabled=&#8221;0&#8243; sticky_enabled=&#8221;0&#8243;]<\/p>\n<p><main id=\"PAGES_CONTAINER\" tabindex=\"-1\"><\/p>\n<div id=\"SITE_PAGES\" class=\"_1gF1C\">\n<div id=\"SITE_PAGES_TRANSITION_GROUP\" class=\"_2YGAo\">\n<div id=\"pben7\" class=\"Ry26q\">\n<div class=\"_3K7uv\">\n<div id=\"Containerpben7\" class=\"_1KV2M\">\n<div data-mesh-id=\"Containerpben7inlineContent\" data-testid=\"inline-content\" class=\"\">\n<div data-mesh-id=\"Containerpben7inlineContent-gridContainer\" data-testid=\"mesh-container-content\">\n<section id=\"comp-iltij75r\" class=\"_3d64y\">\n<div data-testid=\"columns\" class=\"_1uldx\">\n<div id=\"mediaiu40shoz1\" class=\"_1vNJf\">\n<div data-mesh-id=\"mediaiu40shoz1inlineContent\" data-testid=\"inline-content\" class=\"\">\n<div data-mesh-id=\"mediaiu40shoz1inlineContent-gridContainer\" data-testid=\"mesh-container-content\">\n<div id=\"comp-krltabt1\" class=\"_1Q9if _3bcaz\" data-testid=\"richTextElement\">\n<p class=\"font_8\">\u00a7 54 SGB XII \u2013 Leistungen der Eingliederungshilfe<\/p>\n<p class=\"font_8\">(1)<\/p>\n<p class=\"font_8\">Leistungen der Eingliederungshilfe sind neben den Leistungen nach den \u00a7\u00a7 26, 33, 41 und 55 des Neunten Buches insbesondere<\/p>\n<p class=\"font_8\">1. Hilfen zu einer angemessenen Schulbildung, insbesondere im Rahmen der allgemeinen Schulpflicht und zum Besuch weiterf\u00fchrender Schulen einschlie\u00dflich der Vorbereitung hierzu; die Bestimmungen \u00fcber die Erm\u00f6glichung der Schulbildung im Rahmen der allgemeinen Schulpflicht bleiben unber\u00fchrt,<\/p>\n<p class=\"font_8\"><span class=\"wixGuard\">\u200b<\/span>2. Hilfe zur schulischen Ausbildung f\u00fcr einen angemessenen Beruf einschlie\u00dflich des Besuchs einer Hochschule,<\/p>\n<p class=\"font_8\"><span class=\"wixGuard\">\u200b<\/span>3. Hilfe zur Ausbildung f\u00fcr eine sonstige angemessene T\u00e4tigkeit,<\/p>\n<p class=\"font_8\"><span class=\"wixGuard\">\u200b<\/span>4. Hilfe in vergleichbaren sonstigen Besch\u00e4ftigungsst\u00e4tten nach \u00a7 56,<\/p>\n<p class=\"font_8\"><span class=\"wixGuard\">\u200b<\/span>5. nachgehende Hilfe zur Sicherung der Wirksamkeit der \u00e4rztlichen und \u00e4rztlich verordneten Leistungen und zur Sicherung der Teilhabe der behinderten Menschen am Arbeitsleben.<\/p>\n<p class=\"font_8\">Die Leistungen zur medizinischen Rehabilitation und zur Teilhabe am Arbeitsleben entsprechen jeweils den Rehabilitationsleistungen der gesetzlichen Krankenversicherung oder der Bundesagentur f\u00fcr Arbeit.<\/p>\n<p class=\"font_8\">(2)<\/p>\n<p class=\"font_8\">Erhalten behinderte oder von einer Behinderung bedrohte Menschen in einer station\u00e4ren Einrichtung Leistungen der Eingliederungshilfe, k\u00f6nnen ihnen oder ihren Angeh\u00f6rigen zum gegenseitigen Besuch Beihilfen geleistet werden, soweit es im Einzelfall erforderlich ist.<\/p>\n<p class=\"font_8\"><span class=\"wixGuard\">\u200b<\/span>\u00a7 35a \u2013 Eingliederungshilfe f\u00fcr seelisch behinderte Kinder und Jugendliche<\/p>\n<p class=\"font_8\">(1)<\/p>\n<p class=\"font_8\">Kinder und Jugendliche haben Anspruch auf Eingliederungshilfe, wenn<span class=\"wixGuard\">\u200b<\/span><\/p>\n<p class=\"font_8\">1. ihre seelische Gesundheit mit hoher Wahrscheinlichkeit l\u00e4nger als sechs Monate von dem f\u00fcr ihr Lebensalter typischen Zustand abweicht und<\/p>\n<p class=\"font_8\">2. daher ihre Teilhabe am Leben in der Gesellschaft beeintr\u00e4chtigt ist oder eine solche Beeintr\u00e4chtigung zu erwarten ist.<\/p>\n<p class=\"font_8\">(2)<\/p>\n<p class=\"font_8\">Die Hilfe wird nach dem Bedarf im Einzelfall<\/p>\n<p class=\"font_8\">1. in ambulanter Form,<\/p>\n<p class=\"font_8\">2. in Tageseinrichtungen f\u00fcr Kinder oder in anderen teilstation\u00e4ren Einrichtungen,<\/p>\n<p class=\"font_8\">3. durch geeignete Pflegepersonen und<\/p>\n<p class=\"font_8\">4. in Einrichtungen \u00fcber Tag und Nacht sowie sonstigen Wohnformen geleistet.<\/p>\n<p class=\"font_8\">(3)<\/p>\n<p class=\"font_8\">Aufgaben und Ziel der Hilfe, die Bestimmung des Personenkreises sowie die Art der Leistungen richten sich nach \u00a7 53 Abs. 3 und 4 Satz 1, den \u00a7\u00a7 54, 56 und 57 des Zw\u00f6lften Buches soweit diese Bestimmungen auch auf seelisch behinderte oder von einer solchen Behinderung bedrohte Personen Anwendung finden.<\/p>\n<p class=\"font_8\">(4)<\/p>\n<p class=\"font_8\">Ist gleichzeitig Hilfe zur Erziehung zu leisten, so sollen Einrichtungen, Dienste und Personen in Anspruch genommen werden, die geeignet sind, sowohl die Aufgaben der Eingliederungshilfe zu erf\u00fcllen als auch den erzieherischen Bedarf zu decken. Sind heilp\u00e4dagogische Ma\u00dfnahmen f\u00fcr Kinder, die noch nicht im schulpflichtigen Alter sind, in Tageseinrichtungen f\u00fcr Kinder zu gew\u00e4hren und l\u00e4sst der Hilfebedarf es zu, so sollen Einrichtungen in Anspruch genommen werden , in denen behinderte und nichtbehinderte Kinder gemeinsam betreut werden.\u00a0<\/p>\n<\/div>\n<\/div>\n<\/div>\n<\/div>\n<\/div>\n<\/section>\n<\/div>\n<\/div>\n<\/div>\n<\/div>\n<\/div>\n<\/div>\n<\/div>\n<p><\/main><\/p>\n<footer id=\"SITE_FOOTER_WRAPPER\" tabindex=\"-1\">\n<div id=\"SITE_FOOTER\" class=\"ZW5SX\">\n<div class=\"_2o25M\"><\/div>\n<\/div>\n<\/footer>\n<p>[\/et_pb_text][\/et_pb_column][\/et_pb_row][\/et_pb_section][et_pb_section fb_built=&#8221;1&#8243; _builder_version=&#8221;4.17.6&#8243; _module_preset=&#8221;default&#8221; background_color=&#8221;#004968&#8243; global_module=&#8221;390&#8243; saved_tabs=&#8221;all&#8221; global_colors_info=&#8221;{}&#8221; theme_builder_area=&#8221;post_content&#8221; min_height=&#8221;163px&#8221;][et_pb_row column_structure=&#8221;1_3,1_3,1_3&#8243; _builder_version=&#8221;4.17.6&#8243; _module_preset=&#8221;default&#8221; global_colors_info=&#8221;{}&#8221; theme_builder_area=&#8221;post_content&#8221;][et_pb_column type=&#8221;1_3&#8243; _builder_version=&#8221;4.17.6&#8243; _module_preset=&#8221;default&#8221; global_colors_info=&#8221;{}&#8221; theme_builder_area=&#8221;post_content&#8221;][\/et_pb_column][et_pb_column type=&#8221;1_3&#8243; _builder_version=&#8221;4.17.6&#8243; _module_preset=&#8221;default&#8221; global_colors_info=&#8221;{}&#8221; theme_builder_area=&#8221;post_content&#8221;][et_pb_blurb title=&#8221;Kontakt&#8221; _builder_version=&#8221;4.17.6&#8243; _module_preset=&#8221;default&#8221; header_font=&#8221;|700|||||||&#8221; header_text_align=&#8221;center&#8221; header_text_color=&#8221;#FFFFFF&#8221; header_font_size=&#8221;23px&#8221; body_text_color=&#8221;#FFFFFF&#8221; text_orientation=&#8221;center&#8221; global_colors_info=&#8221;{}&#8221; theme_builder_area=&#8221;post_content&#8221;]<\/p>\n<div id=\"comp-imk772sx\" class=\"_2Hij5 _3bcaz\" data-testid=\"richTextElement\">\n<p class=\"font_8\"><span><span class=\"color_17\">Tel.: +49 15140341597<br \/><\/span><\/span><span style=\"font-size: 14px;\">E-Mail: tina.hardt@windrichtung-begleitung.de<\/span><\/p>\n<\/div>\n<div id=\"comp-iltg1qd3\" class=\"_1Q9if _3bcaz\" data-testid=\"richTextElement\"><\/div>\n<p>[\/et_pb_blurb][\/et_pb_column][et_pb_column type=&#8221;1_3&#8243; _builder_version=&#8221;4.17.6&#8243; _module_preset=&#8221;default&#8221; global_colors_info=&#8221;{}&#8221; theme_builder_area=&#8221;post_content&#8221;][et_pb_blurb title=&#8221;Adresse&#8221; _builder_version=&#8221;4.17.6&#8243; _module_preset=&#8221;default&#8221; header_font=&#8221;|700|||||||&#8221; header_text_align=&#8221;center&#8221; header_text_color=&#8221;#FFFFFF&#8221; header_font_size=&#8221;23px&#8221; body_text_color=&#8221;#FFFFFF&#8221; text_orientation=&#8221;center&#8221; global_colors_info=&#8221;{}&#8221; theme_builder_area=&#8221;post_content&#8221;]<\/p>\n<div id=\"comp-imk772sx\" class=\"_2Hij5 _3bcaz\" data-testid=\"richTextElement\">\n<p class=\"font_8\"><span class=\"color_17\">Bahnstrasse 63<\/span><span class=\"color_17\">40822 Mettmann<\/span><\/p>\n<p class=\"font_8\"><span class=\"color_17\">Deutschland<\/span><\/p>\n<\/div>\n<p>[\/et_pb_blurb][\/et_pb_column][\/et_pb_row][\/et_pb_section]<\/p>\n","protected":false},"excerpt":{"rendered":"<p>Windrichtung-Begleitung Informationen und Gesetze Rechtliche Grundlagen \/ die wichtigsten ParagrafenRechtliche Grundlagen\/die wichtigsten Paragrafen \u200b \u00a7 2 Abs. 1 BTHG \u2013 Begriffsbestimmungen (1) 1. Menschen mit Behinderungen sind Menschen, die k\u00f6rperliche, seelische, geistige oder Sinnesbeeintr\u00e4chtigungen haben, die sie in Wechselwirkung mit einstellungs- und umweltbedingten Barrieren an der gleichberechtigten Teilhabe an der Gesellschaft mit hoher Wahrscheinlichkeit l\u00e4nger [&hellip;]<\/p>\n","protected":false},"author":1,"featured_media":0,"parent":0,"menu_order":0,"comment_status":"closed","ping_status":"closed","template":"","meta":{"_et_pb_use_builder":"on","_et_pb_old_content":"","_et_gb_content_width":"","footnotes":""},"class_list":["post-404","page","type-page","status-publish","hentry"],"_links":{"self":[{"href":"https:\/\/windrichtung-begleitung.de\/index.php\/wp-json\/wp\/v2\/pages\/404","targetHints":{"allow":["GET"]}}],"collection":[{"href":"https:\/\/windrichtung-begleitung.de\/index.php\/wp-json\/wp\/v2\/pages"}],"about":[{"href":"https:\/\/windrichtung-begleitung.de\/index.php\/wp-json\/wp\/v2\/types\/page"}],"author":[{"embeddable":true,"href":"https:\/\/windrichtung-begleitung.de\/index.php\/wp-json\/wp\/v2\/users\/1"}],"replies":[{"embeddable":true,"href":"https:\/\/windrichtung-begleitung.de\/index.php\/wp-json\/wp\/v2\/comments?post=404"}],"version-history":[{"count":3,"href":"https:\/\/windrichtung-begleitung.de\/index.php\/wp-json\/wp\/v2\/pages\/404\/revisions"}],"predecessor-version":[{"id":411,"href":"https:\/\/windrichtung-begleitung.de\/index.php\/wp-json\/wp\/v2\/pages\/404\/revisions\/411"}],"wp:attachment":[{"href":"https:\/\/windrichtung-begleitung.de\/index.php\/wp-json\/wp\/v2\/media?parent=404"}],"curies":[{"name":"wp","href":"https:\/\/api.w.org\/{rel}","templated":true}]}}