{"id":324,"date":"2022-08-04T15:53:01","date_gmt":"2022-08-04T14:53:01","guid":{"rendered":"http:\/\/windrichtung-begleitung.de\/?page_id=324"},"modified":"2022-08-10T09:33:37","modified_gmt":"2022-08-10T08:33:37","slug":"antragstellung-info","status":"publish","type":"page","link":"https:\/\/windrichtung-begleitung.de\/index.php\/antragstellung-info\/","title":{"rendered":"Antragstellung Info"},"content":{"rendered":"<p>[et_pb_section fb_built=&#8221;1&#8243; _builder_version=&#8221;4.17.6&#8243; _module_preset=&#8221;default&#8221; custom_padding=&#8221;||0px|||&#8221; global_colors_info=&#8221;{}&#8221;][et_pb_row _builder_version=&#8221;4.17.6&#8243; _module_preset=&#8221;default&#8221; global_colors_info=&#8221;{}&#8221;][et_pb_column type=&#8221;4_4&#8243; _builder_version=&#8221;4.17.6&#8243; _module_preset=&#8221;default&#8221; global_colors_info=&#8221;{}&#8221;][et_pb_text _builder_version=&#8221;4.17.6&#8243; _module_preset=&#8221;default&#8221; header_font=&#8221;|800|||on||||&#8221; header_text_align=&#8221;center&#8221; header_font_size=&#8221;49px&#8221; custom_margin=&#8221;-51px||-38px|||&#8221; header_text_shadow_style=&#8221;preset1&#8243; header_text_shadow_horizontal_length=&#8221;0.33em&#8221; global_colors_info=&#8221;{}&#8221;]<\/p>\n<header id=\"SITE_HEADER_WRAPPER\" tabindex=\"-1\">\n<div id=\"SITE_HEADER\" class=\"_3Fgqs Xf6e1\">\n<div class=\"_319u9\">\n<div class=\"_1U65c\">\n<div data-mesh-id=\"SITE_HEADERinlineContent\" data-testid=\"inline-content\" class=\"\">\n<div data-mesh-id=\"SITE_HEADERinlineContent-gridContainer\" data-testid=\"mesh-container-content\">\n<div id=\"comp-krbzbl33\" class=\"_1Q9if _3bcaz\" data-testid=\"richTextElement\" data-angle=\"0\" data-angle-style-location=\"style\" data-screen-in-hide=\"done\">\n<h1 class=\"font_2\"><span>Windrichtung-Begleitung<\/span><\/h1>\n<\/div>\n<\/div>\n<\/div>\n<\/div>\n<\/div>\n<\/div>\n<\/header>\n<p><main id=\"PAGES_CONTAINER\" tabindex=\"-1\"><\/p>\n<div id=\"SITE_PAGES\" class=\"_1gF1C\">\n<div id=\"SITE_PAGES_TRANSITION_GROUP\" class=\"_2YGAo\">\n<div id=\"iijbr\" class=\"Ry26q\"><\/div>\n<\/div>\n<\/div>\n<p><\/main><\/p>\n<p>[\/et_pb_text][\/et_pb_column][\/et_pb_row][\/et_pb_section][et_pb_section fb_built=&#8221;1&#8243; _builder_version=&#8221;4.17.6&#8243; _module_preset=&#8221;default&#8221; background_image=&#8221;http:\/\/windrichtung-begleitung.de\/wp-content\/uploads\/2022\/08\/fc9f4d_66a33d79824840cebf4afc1336d27929_mv2.webp&#8221; parallax=&#8221;on&#8221; parallax_method=&#8221;off&#8221; min_height=&#8221;465.1px&#8221; custom_margin=&#8221;-11px|||||&#8221; global_colors_info=&#8221;{}&#8221; custom_padding=&#8221;63px|||||&#8221;][et_pb_row use_custom_gutter=&#8221;on&#8221; make_equal=&#8221;on&#8221; _builder_version=&#8221;4.17.6&#8243; _module_preset=&#8221;default&#8221; use_background_color_gradient=&#8221;on&#8221; background_color_gradient_stops=&#8221;rgba(255,255,255,0.8) 0%|rgba(255,255,255,0.95) 100%&#8221; custom_margin=&#8221;-43px|auto||auto||&#8221; global_colors_info=&#8221;{}&#8221;][et_pb_column type=&#8221;4_4&#8243; _builder_version=&#8221;4.17.6&#8243; _module_preset=&#8221;default&#8221; global_colors_info=&#8221;{}&#8221;][et_pb_text _builder_version=&#8221;4.17.6&#8243; _module_preset=&#8221;default&#8221; text_text_color=&#8221;#000000&#8243; custom_margin=&#8221;16px|16px|16px|16px|true|true&#8221; global_colors_info=&#8221;{}&#8221;]<\/p>\n<p class=\"font_7\"><span>Ablauf des Antragsverfahrens f\u00fcr eine Schulbegleitung in der Schule:<\/span><\/p>\n<p class=\"font_7\"><span>Antr\u00e4ge m\u00fcssen grunds\u00e4tzlich schriftlich an den zust\u00e4ndigen Kostentr\u00e4ger gerichtet werden.<\/span><\/p>\n<p class=\"font_7\"><span>Antragsteller sind in der Regel:<\/span><\/p>\n<p class=\"font_7\"><span>\u00b0die Sorgeberechtigten (bei Bedarf mit Hilfe der Institution)<\/span><\/p>\n<p class=\"font_7\"><span>\u00b0die Sch\u00fcler\/innen ab 18 oder<\/span><\/p>\n<p class=\"font_7\"><span>\u00b0in Einzelf\u00e4llen die Institution (in Absprache mit den Sorgeberechtigten)<\/span><\/p>\n<p class=\"font_7\"><span>Die Antragstellung erfolgt beim Sozialamt Abt. Eingliederungshilfe (bei geistiger oder k\u00f6rperlicher Behinderung,\u00a0<\/span><span>\u00a754 SGB XII<\/span><span>) oder dem Jugendamt (bei seelischer Behinderung,\u00a0<\/span><span>\u00a735a SGB VIII<\/span><span>).<\/span><\/p>\n<p class=\"font_7\"><span>Erforderliche Unterlagen bei Antragstellung<\/span><span>:<\/span><\/p>\n<p class=\"font_7\"><span>\u00b0Eine p\u00e4dagogische Stellungnahme der Schule (neben dem Hilfebedarf sollte diese auch die n\u00f6tige Qualifikation der Schulbegleitung zum Ausdruck bringen)<\/span><\/p>\n<p class=\"font_7\"><span>\u00b0Eine in Zusammenarbeit mit der Schule erstellte ausf\u00fchrliche Beschreibung des Unterst\u00fctzungsbedarfs<\/span><\/p>\n<p class=\"font_7\"><span>\u00b0Falls im Besitz , Beif\u00fcgung einer Kopie des Schwerbehindertenausweises<\/span><\/p>\n<p class=\"font_7\"><span>\u00b0Diagnostik des Kindes\/Jugendlichen<\/span><\/p>\n<p class=\"font_7\"><span>Grundlegendes:<\/span><\/p>\n<p class=\"font_7\"><span>Antr\u00e4ge auf Eingliederungshilfe f\u00fcr eine Schulbegleitung nach\u00a0<\/span><span>\u00a7\u00a7 53\/54 SGB XII<\/span><span>\u00a0oder\u00a0<\/span><span>\u00a7 35a SGB VIII<\/span><span>\u00a0sind grunds\u00e4tzlich einkommensunabh\u00e4ngig.<\/span><\/p>\n<p class=\"font_7\"><span>Die Antragstellung ist vom Gesetz her an keine bestimmte Form gebunden.<\/span><\/p>\n<p class=\"font_7\"><span>Allerdings muss der Antrag schriftlich gestellt werden.<\/span><\/p>\n<p class=\"font_7\"><span>Wie ein Kostentr\u00e4ger im Einzelfall reagiert, h\u00e4ngt von den internen Instruktionen und Festlegungen innerhalb der Kommunalbeh\u00f6rden ab.<\/span><\/p>\n<p class=\"font_7\"><span>Verl\u00e4ngerung der Ma\u00dfnahme:<\/span><\/p>\n<p class=\"font_7\"><span>Die Ma\u00dfnahmen nach\u00a0<\/span><span>\u00a7\u00a7 53\/54 SGB XII\u00a0<\/span><span>bzw.\u00a0<\/span><span>\u00a7 35a SGB VIII<\/span><span>\u00a0werden immer nur f\u00fcr einen bestimmten Zeitraum gew\u00e4hrt, in der Regel umfasst dies ein Schuljahr.<\/span><\/p>\n<p class=\"font_7\"><span>Erforderliche Unterlagen zum Antrag auf Weitergew\u00e4hrung einer Schulbegleitung:<\/span><\/p>\n<p class=\"font_7\"><span><span class=\"wixGuard\">\u200b<\/span><\/span><\/p>\n<p class=\"font_7\"><span>\u00b0Schriftlicher Antrag der Eltern auf Weitergew\u00e4hrung der Schulbegleitung beim zust\u00e4ndigen Kostentr\u00e4ger. Dies sollte fr\u00fchzeitig ca. 2 \u2013 3 Monate vor Ablauf der Kosten\u00fcbernahme geschehen.<\/span><\/p>\n<p class=\"font_7\"><span><span class=\"wixGuard\">\u200b<\/span><\/span><\/p>\n<p class=\"font_7\"><span>\u00b0Entwicklungsbericht\/Stellungnahme der Schule.<\/span><\/p>\n<p class=\"font_7\"><span><span class=\"wixGuard\">\u200b<\/span><\/span><\/p>\n<p class=\"font_7\"><span>\u00b0Entwicklungsbericht\/Stellungnahme der Schulbegleitung<\/span><\/p>\n<p class=\"font_7\"><span><span class=\"wixGuard\">\u200b<\/span><\/span><\/p>\n<p class=\"font_7\"><span>\u00b0Therapie- bzw. Arztbericht<\/span><\/p>\n<p class=\"font_7\"><span>Die Fortschreibung der Eingliederungshilfe erfolgt nach<\/span><\/p>\n<p class=\"font_7\"><span>Hilfeplangespr\u00e4chen (Sozialamt oder Jugendamt) unter Beteiligung der Lehrer, der Eltern, des Schulbegleiters, ggf. des Sch\u00fclers, der Einsatzleitung des Leistungserbringers und eines Vertreters des Leistungstr\u00e4gers.<\/span><\/p>\n<p class=\"font_7\"><span><span class=\"wixGuard\">\u200b<\/span><\/span><\/p>\n<p>[\/et_pb_text][\/et_pb_column][\/et_pb_row][\/et_pb_section][et_pb_section fb_built=&#8221;1&#8243; _builder_version=&#8221;4.17.6&#8243; _module_preset=&#8221;default&#8221; background_color=&#8221;#004968&#8243; global_module=&#8221;390&#8243; saved_tabs=&#8221;all&#8221; global_colors_info=&#8221;{}&#8221;][et_pb_row column_structure=&#8221;1_3,1_3,1_3&#8243; _builder_version=&#8221;4.17.6&#8243; _module_preset=&#8221;default&#8221; global_colors_info=&#8221;{}&#8221;][et_pb_column type=&#8221;1_3&#8243; _builder_version=&#8221;4.17.6&#8243; _module_preset=&#8221;default&#8221; global_colors_info=&#8221;{}&#8221;][\/et_pb_column][et_pb_column type=&#8221;1_3&#8243; _builder_version=&#8221;4.17.6&#8243; _module_preset=&#8221;default&#8221; global_colors_info=&#8221;{}&#8221;][et_pb_blurb title=&#8221;Kontakt&#8221; _builder_version=&#8221;4.17.6&#8243; _module_preset=&#8221;default&#8221; header_font=&#8221;|700|||||||&#8221; header_text_align=&#8221;center&#8221; header_text_color=&#8221;#FFFFFF&#8221; header_font_size=&#8221;23px&#8221; body_text_color=&#8221;#FFFFFF&#8221; text_orientation=&#8221;center&#8221; global_colors_info=&#8221;{}&#8221;]<\/p>\n<div id=\"comp-imk772sx\" class=\"_2Hij5 _3bcaz\" data-testid=\"richTextElement\">\n<p class=\"font_8\"><span><span class=\"color_17\">Tel.: +49 15140341597<br \/><\/span><\/span><span style=\"font-size: 14px;\">E-Mail: tina.hardt@windrichtung-begleitung.de<\/span><\/p>\n<\/div>\n<div id=\"comp-iltg1qd3\" class=\"_1Q9if _3bcaz\" data-testid=\"richTextElement\"><\/div>\n<p>[\/et_pb_blurb][\/et_pb_column][et_pb_column type=&#8221;1_3&#8243; _builder_version=&#8221;4.17.6&#8243; _module_preset=&#8221;default&#8221; global_colors_info=&#8221;{}&#8221;][et_pb_blurb title=&#8221;Adresse&#8221; _builder_version=&#8221;4.17.6&#8243; _module_preset=&#8221;default&#8221; header_font=&#8221;|700|||||||&#8221; header_text_align=&#8221;center&#8221; header_text_color=&#8221;#FFFFFF&#8221; header_font_size=&#8221;23px&#8221; body_text_color=&#8221;#FFFFFF&#8221; text_orientation=&#8221;center&#8221; global_colors_info=&#8221;{}&#8221;]<\/p>\n<div id=\"comp-imk772sx\" class=\"_2Hij5 _3bcaz\" data-testid=\"richTextElement\">\n<p class=\"font_8\"><span class=\"color_17\">Bahnstrasse 63<\/span><span class=\"color_17\">40822 Mettmann<\/span><\/p>\n<p class=\"font_8\"><span class=\"color_17\">Deutschland<\/span><\/p>\n<\/div>\n<p>[\/et_pb_blurb][\/et_pb_column][\/et_pb_row][\/et_pb_section]<\/p>\n","protected":false},"excerpt":{"rendered":"<p>Windrichtung-Begleitung Ablauf des Antragsverfahrens f\u00fcr eine Schulbegleitung in der Schule: Antr\u00e4ge m\u00fcssen grunds\u00e4tzlich schriftlich an den zust\u00e4ndigen Kostentr\u00e4ger gerichtet werden. Antragsteller sind in der Regel: \u00b0die Sorgeberechtigten (bei Bedarf mit Hilfe der Institution) \u00b0die Sch\u00fcler\/innen ab 18 oder \u00b0in Einzelf\u00e4llen die Institution (in Absprache mit den Sorgeberechtigten) Die Antragstellung erfolgt beim Sozialamt Abt. Eingliederungshilfe (bei [&hellip;]<\/p>\n","protected":false},"author":1,"featured_media":0,"parent":0,"menu_order":0,"comment_status":"closed","ping_status":"closed","template":"","meta":{"_et_pb_use_builder":"on","_et_pb_old_content":"<!-- wp:divi\/placeholder \/-->","_et_gb_content_width":"","footnotes":""},"class_list":["post-324","page","type-page","status-publish","hentry"],"_links":{"self":[{"href":"https:\/\/windrichtung-begleitung.de\/index.php\/wp-json\/wp\/v2\/pages\/324","targetHints":{"allow":["GET"]}}],"collection":[{"href":"https:\/\/windrichtung-begleitung.de\/index.php\/wp-json\/wp\/v2\/pages"}],"about":[{"href":"https:\/\/windrichtung-begleitung.de\/index.php\/wp-json\/wp\/v2\/types\/page"}],"author":[{"embeddable":true,"href":"https:\/\/windrichtung-begleitung.de\/index.php\/wp-json\/wp\/v2\/users\/1"}],"replies":[{"embeddable":true,"href":"https:\/\/windrichtung-begleitung.de\/index.php\/wp-json\/wp\/v2\/comments?post=324"}],"version-history":[{"count":4,"href":"https:\/\/windrichtung-begleitung.de\/index.php\/wp-json\/wp\/v2\/pages\/324\/revisions"}],"predecessor-version":[{"id":397,"href":"https:\/\/windrichtung-begleitung.de\/index.php\/wp-json\/wp\/v2\/pages\/324\/revisions\/397"}],"wp:attachment":[{"href":"https:\/\/windrichtung-begleitung.de\/index.php\/wp-json\/wp\/v2\/media?parent=324"}],"curies":[{"name":"wp","href":"https:\/\/api.w.org\/{rel}","templated":true}]}}