{"id":322,"date":"2022-08-04T15:52:32","date_gmt":"2022-08-04T14:52:32","guid":{"rendered":"http:\/\/windrichtung-begleitung.de\/?page_id=322"},"modified":"2022-08-10T09:26:04","modified_gmt":"2022-08-10T08:26:04","slug":"aufgaben-leistungen","status":"publish","type":"page","link":"https:\/\/windrichtung-begleitung.de\/index.php\/aufgaben-leistungen\/","title":{"rendered":"Aufgaben &#038; Leistungen"},"content":{"rendered":"<p>[et_pb_section fb_built=&#8221;1&#8243; _builder_version=&#8221;4.17.6&#8243; _module_preset=&#8221;default&#8221; custom_padding=&#8221;||0px|||&#8221; global_colors_info=&#8221;{}&#8221;][et_pb_row _builder_version=&#8221;4.17.6&#8243; _module_preset=&#8221;default&#8221; global_colors_info=&#8221;{}&#8221;][et_pb_column type=&#8221;4_4&#8243; _builder_version=&#8221;4.17.6&#8243; _module_preset=&#8221;default&#8221; global_colors_info=&#8221;{}&#8221;][et_pb_text _builder_version=&#8221;4.17.6&#8243; _module_preset=&#8221;default&#8221; header_font=&#8221;|800|||on||||&#8221; header_text_align=&#8221;center&#8221; header_font_size=&#8221;49px&#8221; custom_margin=&#8221;-51px||-38px|||&#8221; header_text_shadow_style=&#8221;preset1&#8243; header_text_shadow_horizontal_length=&#8221;0.33em&#8221; global_colors_info=&#8221;{}&#8221;]<\/p>\n<header id=\"SITE_HEADER_WRAPPER\" tabindex=\"-1\">\n<div id=\"SITE_HEADER\" class=\"_3Fgqs Xf6e1\">\n<div class=\"_319u9\">\n<div class=\"_1U65c\">\n<div data-mesh-id=\"SITE_HEADERinlineContent\" data-testid=\"inline-content\" class=\"\">\n<div data-mesh-id=\"SITE_HEADERinlineContent-gridContainer\" data-testid=\"mesh-container-content\">\n<div id=\"comp-krbzbl33\" class=\"_1Q9if _3bcaz\" data-testid=\"richTextElement\" data-angle=\"0\" data-angle-style-location=\"style\" data-screen-in-hide=\"done\">\n<h1 class=\"font_2\"><span>Windrichtung-Begleitung<\/span><\/h1>\n<\/div>\n<\/div>\n<\/div>\n<\/div>\n<\/div>\n<\/div>\n<\/header>\n<p><main id=\"PAGES_CONTAINER\" tabindex=\"-1\"><\/p>\n<div id=\"SITE_PAGES\" class=\"_1gF1C\">\n<div id=\"SITE_PAGES_TRANSITION_GROUP\" class=\"_2YGAo\">\n<div id=\"iijbr\" class=\"Ry26q\"><\/div>\n<\/div>\n<\/div>\n<p><\/main><\/p>\n<p>[\/et_pb_text][\/et_pb_column][\/et_pb_row][\/et_pb_section][et_pb_section fb_built=&#8221;1&#8243; _builder_version=&#8221;4.17.6&#8243; _module_preset=&#8221;default&#8221; hover_enabled=&#8221;0&#8243; global_colors_info=&#8221;{}&#8221; title_text=&#8221;fc9f4d_223decee0cd5483ca774ceb06f1bfddd_mv2&#8243; background_image=&#8221;http:\/\/windrichtung-begleitung.de\/wp-content\/uploads\/2022\/08\/fc9f4d_223decee0cd5483ca774ceb06f1bfddd_mv2.webp&#8221; sticky_enabled=&#8221;0&#8243; min_height=&#8221;465.1px&#8221;][\/et_pb_section][et_pb_section fb_built=&#8221;1&#8243; theme_builder_area=&#8221;post_content&#8221; _builder_version=&#8221;4.17.6&#8243; _module_preset=&#8221;default&#8221;][et_pb_row _builder_version=&#8221;4.17.6&#8243; _module_preset=&#8221;default&#8221; theme_builder_area=&#8221;post_content&#8221;][et_pb_column _builder_version=&#8221;4.17.6&#8243; _module_preset=&#8221;default&#8221; type=&#8221;4_4&#8243; theme_builder_area=&#8221;post_content&#8221;][et_pb_text _builder_version=&#8221;4.17.6&#8243; _module_preset=&#8221;default&#8221; theme_builder_area=&#8221;post_content&#8221; hover_enabled=&#8221;0&#8243; sticky_enabled=&#8221;0&#8243;]<\/p>\n<div id=\"comp-imlo6o1n\" class=\"_1Q9if _3bcaz\" data-testid=\"richTextElement\">\n<h1 class=\"font_2\" style=\"text-align: center;\"><span>Dies sind unsere Aufgaben und Leistungen :\u00a0<\/span><\/h1>\n<\/div>\n<div id=\"comp-inu2k8pa\" class=\"XUUsC\">\n<div data-testid=\"linkElement\" class=\"xQ_iF\"><\/div>\n<\/div>\n<p>[\/et_pb_text][\/et_pb_column][\/et_pb_row][et_pb_row _builder_version=&#8221;4.17.6&#8243; _module_preset=&#8221;default&#8221; theme_builder_area=&#8221;post_content&#8221; column_structure=&#8221;2_5,3_5&#8243;][et_pb_column _builder_version=&#8221;4.17.6&#8243; _module_preset=&#8221;default&#8221; type=&#8221;2_5&#8243; theme_builder_area=&#8221;post_content&#8221;][et_pb_image src=&#8221;http:\/\/windrichtung-begleitung.de\/wp-content\/uploads\/2022\/08\/image_fullwidth.webp&#8221; _builder_version=&#8221;4.17.6&#8243; _module_preset=&#8221;default&#8221; theme_builder_area=&#8221;post_content&#8221; title_text=&#8221;image_fullwidth&#8221; align=&#8221;center&#8221; hover_enabled=&#8221;0&#8243; sticky_enabled=&#8221;0&#8243;][\/et_pb_image][\/et_pb_column][et_pb_column _builder_version=&#8221;4.17.6&#8243; _module_preset=&#8221;default&#8221; type=&#8221;3_5&#8243; theme_builder_area=&#8221;post_content&#8221;][et_pb_text _builder_version=&#8221;4.17.6&#8243; _module_preset=&#8221;default&#8221; theme_builder_area=&#8221;post_content&#8221; hover_enabled=&#8221;0&#8243; sticky_enabled=&#8221;0&#8243;]<\/p>\n<div id=\"comp-krg717m6\" class=\"_1Q9if _3bcaz\" data-testid=\"richTextElement\">\n<p class=\"font_8\"><span>Das Team der Windrichtung stellt sicher , das die personellen , gesetzlichen und organisatorischen Voraussetzungen f\u00fcr die Schulbegleitung gegeben sind und das eine nachvollziehbare und einheitliche Dokumentation der erbrachten Leistungen gegeben ist.<\/span><\/p>\n<p class=\"font_8\"><span><span class=\"wixGuard\">\u200b<\/span><\/span><span style=\"font-size: 14px;\">Dies beinhaltet:<\/span><\/p>\n<p class=\"font_8\"><span><span class=\"wixGuard\">\u200b<\/span><\/span><span style=\"font-size: 14px;\">\u00b0Gestaltung der Betreuung ( Zeiten , Methoden , Aufgaben )<\/span><\/p>\n<p class=\"font_8\"><span><span class=\"wixGuard\">\u200b<\/span><\/span><span style=\"font-size: 14px;\">\u00b0Korrespondenz und Zusammenarbeit mit den Eltern bzw. den gesetzlichen Vertreter\/innen.<\/span><\/p>\n<p class=\"font_8\"><span><span class=\"wixGuard\">\u200b<\/span><\/span><span style=\"font-size: 14px;\">\u00b0Gemeinsames Arbeiten mit Schulen , Kitas , anderen Organisationen , Diensten und Beh\u00f6rden<\/span><\/p>\n<p class=\"font_8\"><span><span class=\"wixGuard\">\u200b<\/span><\/span><span style=\"font-size: 14px;\">\u00b0Leitung und Organisation unseres Dienstes<\/span><\/p>\n<p class=\"font_8\"><span><span class=\"wixGuard\">\u200b<\/span><\/span><span style=\"font-size: 14px;\">\u00b0Teilnahme an Schulungen und Weiterbildungen unserer Mitarbeiter\/innen<\/span><\/p>\n<p class=\"font_8\"><span><span class=\"wixGuard\">\u200b<\/span><\/span><span style=\"font-size: 14px;\">\u00b0Anleitung und fachliche Unterst\u00fctzung der einfachen und qualifizierten\u00a0<\/span><\/p>\n<p class=\"font_8\"><span>Schul- bzw. Kitabegleitung<\/span><\/p>\n<p class=\"font_8\"><span><span class=\"wixGuard\">\u200b<\/span><\/span><span style=\"font-size: 14px;\">\u00b0Teilnahme an Hilfeplangespr\u00e4chen<\/span><\/p>\n<p class=\"font_8\"><span><span class=\"wixGuard\">\u200b<\/span><\/span><span style=\"font-size: 14px;\">\u00b0Unterst\u00fctzung und Beratung f\u00fcr Eltern bzw. den gesetzlichen Vertretern,<\/span><\/p>\n<p class=\"font_8\"><span>f\u00fcr Schulen und Kitas vor und w\u00e4hrend der Begleitungzeit<\/span><\/p>\n<\/div>\n<div id=\"comp-im4jhd8g\" class=\"_1Q9if _3bcaz\" data-testid=\"richTextElement\"><\/div>\n<p>[\/et_pb_text][\/et_pb_column][\/et_pb_row][\/et_pb_section][et_pb_section fb_built=&#8221;1&#8243; theme_builder_area=&#8221;post_content&#8221; _builder_version=&#8221;4.17.6&#8243; _module_preset=&#8221;default&#8221;][et_pb_row _builder_version=&#8221;4.17.6&#8243; _module_preset=&#8221;default&#8221; theme_builder_area=&#8221;post_content&#8221;][et_pb_column _builder_version=&#8221;4.17.6&#8243; _module_preset=&#8221;default&#8221; type=&#8221;4_4&#8243; theme_builder_area=&#8221;post_content&#8221;][et_pb_text _builder_version=&#8221;4.17.6&#8243; _module_preset=&#8221;default&#8221; theme_builder_area=&#8221;post_content&#8221; hover_enabled=&#8221;0&#8243; sticky_enabled=&#8221;0&#8243; header_2_font=&#8221;|700|||||||&#8221;]<\/p>\n<div id=\"comp-imlo6o1n\" class=\"_1Q9if _3bcaz\" data-testid=\"richTextElement\">\n<div id=\"comp-im4jhd8g\" class=\"_1Q9if _3bcaz\" data-testid=\"richTextElement\">\n<h2 class=\"font_2\" style=\"text-align: center;\"><span>Integration &#8211; Inklusion<\/span><\/h2>\n<\/div>\n<div id=\"comp-imk8co8t\" class=\"XUUsC\">\n<div data-testid=\"linkElement\" class=\"xQ_iF\"><\/div>\n<\/div>\n<\/div>\n<div id=\"comp-inu2k8pa\" class=\"XUUsC\">\n<div data-testid=\"linkElement\" class=\"xQ_iF\"><\/div>\n<\/div>\n<p>[\/et_pb_text][\/et_pb_column][\/et_pb_row][et_pb_row _builder_version=&#8221;4.17.6&#8243; _module_preset=&#8221;default&#8221; theme_builder_area=&#8221;post_content&#8221; column_structure=&#8221;2_5,3_5&#8243;][et_pb_column _builder_version=&#8221;4.17.6&#8243; _module_preset=&#8221;default&#8221; type=&#8221;2_5&#8243; theme_builder_area=&#8221;post_content&#8221;][et_pb_image src=&#8221;http:\/\/windrichtung-begleitung.de\/wp-content\/uploads\/2022\/08\/depositphotos_69806473-stock-photo-exclusion-and-integration.webp&#8221; _builder_version=&#8221;4.17.6&#8243; _module_preset=&#8221;default&#8221; theme_builder_area=&#8221;post_content&#8221; title_text=&#8221;depositphotos_69806473-stock-photo-exclusion-and-integration&#8221; align=&#8221;center&#8221; hover_enabled=&#8221;0&#8243; sticky_enabled=&#8221;0&#8243;][\/et_pb_image][\/et_pb_column][et_pb_column _builder_version=&#8221;4.17.6&#8243; _module_preset=&#8221;default&#8221; type=&#8221;3_5&#8243; theme_builder_area=&#8221;post_content&#8221;][et_pb_text _builder_version=&#8221;4.17.6&#8243; _module_preset=&#8221;default&#8221; theme_builder_area=&#8221;post_content&#8221; hover_enabled=&#8221;0&#8243; sticky_enabled=&#8221;0&#8243;]<\/p>\n<p class=\"font_7\"><span>\u00b0Eingliederung von Kindern mit besonderem Bedarf in die allgemeine Schule<\/span><\/p>\n<p class=\"font_7\"><span><span class=\"wixGuard\">\u200b<\/span><\/span><span>\u00b0Besondere Schule je nach Sch\u00e4digung<\/span><\/p>\n<p class=\"font_7\"><span><span class=\"wixGuard\">\u200b<\/span><\/span><span>\u00b0Zwei-Gruppen-Theorie : behindert \/ nichtbehindert , mit \/ ohne sonderp\u00e4dagogischen F\u00f6rderbedarf<\/span><\/p>\n<p class=\"font_7\"><span><span class=\"wixGuard\">\u200b<\/span><\/span><span>\u00b0Aufnahme von behinderten Kindern\u00a0<\/span><\/p>\n<p class=\"font_7\"><span><span class=\"wixGuard\">\u200b<\/span><\/span><span>\u00b0Denken von individuen aus (Individuumzentriert)<\/span><\/p>\n<p class=\"font_7\"><span><span class=\"wixGuard\">\u200b<\/span><\/span><span>\u00b0Fixierung auf die schulische Ebene<\/span><\/p>\n<p class=\"font_7\"><span><span class=\"wixGuard\">\u200b<\/span><\/span><span>\u00b0Ressourcen f\u00fcr Kinder mit Etikettierung<\/span><\/p>\n<p class=\"font_7\"><span><span class=\"wixGuard\">\u200b<\/span><\/span><span>\u00b0Spezielle F\u00f6rderung f\u00fcr behinderte Kinder<\/span><\/p>\n<p class=\"font_7\"><span><span class=\"wixGuard\">\u200b<\/span><\/span><span>\u00b0Individuelle Lehrpl\u00e4ne f\u00fcr Einzelne<\/span><\/p>\n<p class=\"font_7\"><span><span class=\"wixGuard\">\u200b<\/span><\/span><span>\u00b0F\u00f6rderpl\u00e4ne f\u00fcr behinderte Kinder<\/span><\/p>\n<p class=\"font_7\"><span><span class=\"wixGuard\">\u200b<\/span><\/span><span>\u00b0Anliegen und Auftrag der Sonderp\u00e4dagogik und Sonderp\u00e4dagogen<\/span><\/p>\n<p class=\"font_7\"><span><span class=\"wixGuard\">\u200b<\/span><\/span><span>\u00b0Sonderp\u00e4dagogen als Unterst\u00fctzung f\u00fcr Kinder mit sonderp\u00e4dagogischem F\u00f6rderbedarf<\/span><\/p>\n<p class=\"font_7\"><span><span class=\"wixGuard\">\u200b<\/span><\/span><span>\u00c2usweitung von Sonderp\u00e4dagogik in die Schulp\u00e4dagogik hinein<\/span><\/p>\n<p class=\"font_7\"><span><span class=\"wixGuard\">\u200b<\/span><\/span><span>\u00b0Kombination von ( unver\u00e4nderter ) Schul- und Sonderp\u00e4dagogik<\/span><\/p>\n<p class=\"font_7\"><span><span class=\"wixGuard\">\u200b<\/span><\/span><span>\u00b0Kontrolle durch Experten\/innen<\/span><\/p>\n<p>[\/et_pb_text][\/et_pb_column][\/et_pb_row][et_pb_row _builder_version=&#8221;4.17.6&#8243; _module_preset=&#8221;default&#8221; theme_builder_area=&#8221;post_content&#8221; column_structure=&#8221;2_5,3_5&#8243;][et_pb_column _builder_version=&#8221;4.17.6&#8243; _module_preset=&#8221;default&#8221; type=&#8221;2_5&#8243; theme_builder_area=&#8221;post_content&#8221;][et_pb_image src=&#8221;http:\/\/windrichtung-begleitung.de\/wp-content\/uploads\/2022\/08\/csm_Fotolia_39268142_Subscription_klein_7059fef3e7.webp&#8221; _builder_version=&#8221;4.17.6&#8243; _module_preset=&#8221;default&#8221; theme_builder_area=&#8221;post_content&#8221; title_text=&#8221;csm_Fotolia_39268142_Subscription_klein_7059fef3e7&#8243; align=&#8221;center&#8221; hover_enabled=&#8221;0&#8243; sticky_enabled=&#8221;0&#8243;][\/et_pb_image][\/et_pb_column][et_pb_column _builder_version=&#8221;4.17.6&#8243; _module_preset=&#8221;default&#8221; type=&#8221;3_5&#8243; theme_builder_area=&#8221;post_content&#8221;][et_pb_text _builder_version=&#8221;4.17.6&#8243; _module_preset=&#8221;default&#8221; theme_builder_area=&#8221;post_content&#8221; hover_enabled=&#8221;0&#8243; sticky_enabled=&#8221;0&#8243;]<\/p>\n<p class=\"font_8\"><span>\u00b0Leben und Lernen f\u00fcr alle Kinder in der allgemeinen Schule<\/span><\/p>\n<p class=\"font_8\"><span><span class=\"wixGuard\">\u200b<\/span><\/span><span>\u00b0Umfassende Schule f\u00fcr alle<\/span><\/p>\n<p class=\"font_8\"><span><span class=\"wixGuard\">\u200b<\/span><\/span><span>\u00b0Theorie der Vielseitigkeit in einer Gruppe: viele Minderheiten und Mehrheiten<\/span><\/p>\n<p class=\"font_8\"><span><span class=\"wixGuard\">\u200b<\/span><\/span><span>\u00b0Ver\u00e4nderung der Schule<\/span><\/p>\n<p class=\"font_8\"><span><span class=\"wixGuard\">\u200b<\/span><\/span><span>\u00b0Denken von einer Gesamtheit her (systemisch)<\/span><\/p>\n<p class=\"font_8\"><span><span class=\"wixGuard\">\u200b<\/span><\/span><span>\u00b0Beachtung der emotionalen , sozialen und unterrichtlichen Ebenen<\/span><\/p>\n<p class=\"font_8\"><span><span class=\"wixGuard\">\u200b<\/span><\/span><span>\u00b0Ressourcen f\u00fcr das Schulsystem\u00a0<\/span><\/p>\n<p class=\"font_8\"><span><span class=\"wixGuard\">\u200b<\/span><\/span><span>\u00b0Gemeinsames und individelles Lernen f\u00fcr alle<\/span><\/p>\n<p class=\"font_8\"><span><span class=\"wixGuard\">\u200b<\/span><\/span><span>\u00b0Ein individualisierter Lehrplan f\u00fcr alle<\/span><\/p>\n<p class=\"font_8\"><span><span class=\"wixGuard\">\u200b<\/span><\/span><span>\u00b0Gemeinsame Reflexion und Planung aller Beteiligter<\/span><\/p>\n<p class=\"font_8\"><span><span class=\"wixGuard\">\u200b<\/span><\/span><span>\u00b0Anliegen und Auftrag der Schulp\u00e4dagogik und Schulp\u00e4dagogen<\/span><\/p>\n<p class=\"font_8\"><span><span class=\"wixGuard\">\u200b<\/span><\/span><span>\u00b0Sonderp\u00e4dagogen als Unterst\u00fctzung f\u00fcr Klassenlehrer , Klassen und Schulen<\/span><\/p>\n<p class=\"font_8\"><span><span class=\"wixGuard\">\u200b<\/span><\/span><span>\u00b0Ver\u00e4nderung der Sonderp\u00e4dagogik und Schulp\u00e4dagogik<\/span><\/p>\n<p class=\"font_8\"><span><span class=\"wixGuard\">\u200b<\/span><\/span><span>\u00b0Zusammenwirken von ( ver\u00e4nderter ) Schul- und Sonderp\u00e4dagogik<\/span><\/p>\n<p class=\"font_8\"><span><span class=\"wixGuard\">\u200b<\/span><\/span><span>\u00b0Kollegiales Probleml\u00f6sen im Team<\/span><\/p>\n<p>[\/et_pb_text][\/et_pb_column][\/et_pb_row][\/et_pb_section][et_pb_section fb_built=&#8221;1&#8243; _builder_version=&#8221;4.17.6&#8243; _module_preset=&#8221;default&#8221; background_color=&#8221;#004968&#8243; global_colors_info=&#8221;{}&#8221; global_module=&#8221;390&#8243; saved_tabs=&#8221;all&#8221;][et_pb_row column_structure=&#8221;1_3,1_3,1_3&#8243; _builder_version=&#8221;4.17.6&#8243; _module_preset=&#8221;default&#8221; global_colors_info=&#8221;{}&#8221;][et_pb_column type=&#8221;1_3&#8243; _builder_version=&#8221;4.17.6&#8243; _module_preset=&#8221;default&#8221; global_colors_info=&#8221;{}&#8221;][\/et_pb_column][et_pb_column type=&#8221;1_3&#8243; _builder_version=&#8221;4.17.6&#8243; _module_preset=&#8221;default&#8221; global_colors_info=&#8221;{}&#8221;][et_pb_blurb title=&#8221;Kontakt&#8221; _builder_version=&#8221;4.17.6&#8243; _module_preset=&#8221;default&#8221; header_font=&#8221;|700|||||||&#8221; header_text_align=&#8221;center&#8221; header_text_color=&#8221;#FFFFFF&#8221; header_font_size=&#8221;23px&#8221; body_text_color=&#8221;#FFFFFF&#8221; text_orientation=&#8221;center&#8221; global_colors_info=&#8221;{}&#8221;]<\/p>\n<div id=\"comp-imk772sx\" class=\"_2Hij5 _3bcaz\" data-testid=\"richTextElement\">\n<p class=\"font_8\"><span><span class=\"color_17\">Tel.: +49 15140341597<br \/><\/span><\/span><span style=\"font-size: 14px;\">E-Mail: tina.hardt@windrichtung-begleitung.de<\/span><\/p>\n<\/div>\n<div id=\"comp-iltg1qd3\" class=\"_1Q9if _3bcaz\" data-testid=\"richTextElement\"><\/div>\n<p>[\/et_pb_blurb][\/et_pb_column][et_pb_column type=&#8221;1_3&#8243; _builder_version=&#8221;4.17.6&#8243; _module_preset=&#8221;default&#8221; global_colors_info=&#8221;{}&#8221;][et_pb_blurb title=&#8221;Adresse&#8221; _builder_version=&#8221;4.17.6&#8243; _module_preset=&#8221;default&#8221; header_font=&#8221;|700|||||||&#8221; header_text_align=&#8221;center&#8221; header_text_color=&#8221;#FFFFFF&#8221; header_font_size=&#8221;23px&#8221; body_text_color=&#8221;#FFFFFF&#8221; text_orientation=&#8221;center&#8221; global_colors_info=&#8221;{}&#8221;]<\/p>\n<div id=\"comp-imk772sx\" class=\"_2Hij5 _3bcaz\" data-testid=\"richTextElement\">\n<p class=\"font_8\"><span class=\"color_17\">Bahnstrasse 63<\/span><span class=\"color_17\">40822 Mettmann<\/span><\/p>\n<p class=\"font_8\"><span class=\"color_17\">Deutschland<\/span><\/p>\n<\/div>\n<p>[\/et_pb_blurb][\/et_pb_column][\/et_pb_row][\/et_pb_section]<\/p>\n","protected":false},"excerpt":{"rendered":"<p>Windrichtung-Begleitung Dies sind unsere Aufgaben und Leistungen :\u00a0 Das Team der Windrichtung stellt sicher , das die personellen , gesetzlichen und organisatorischen Voraussetzungen f\u00fcr die Schulbegleitung gegeben sind und das eine nachvollziehbare und einheitliche Dokumentation der erbrachten Leistungen gegeben ist. \u200bDies beinhaltet: \u200b\u00b0Gestaltung der Betreuung ( Zeiten , Methoden , Aufgaben ) \u200b\u00b0Korrespondenz und Zusammenarbeit [&hellip;]<\/p>\n","protected":false},"author":1,"featured_media":0,"parent":0,"menu_order":0,"comment_status":"closed","ping_status":"closed","template":"","meta":{"_et_pb_use_builder":"on","_et_pb_old_content":"<!-- wp:divi\/placeholder \/-->","_et_gb_content_width":"","footnotes":""},"class_list":["post-322","page","type-page","status-publish","hentry"],"_links":{"self":[{"href":"https:\/\/windrichtung-begleitung.de\/index.php\/wp-json\/wp\/v2\/pages\/322","targetHints":{"allow":["GET"]}}],"collection":[{"href":"https:\/\/windrichtung-begleitung.de\/index.php\/wp-json\/wp\/v2\/pages"}],"about":[{"href":"https:\/\/windrichtung-begleitung.de\/index.php\/wp-json\/wp\/v2\/types\/page"}],"author":[{"embeddable":true,"href":"https:\/\/windrichtung-begleitung.de\/index.php\/wp-json\/wp\/v2\/users\/1"}],"replies":[{"embeddable":true,"href":"https:\/\/windrichtung-begleitung.de\/index.php\/wp-json\/wp\/v2\/comments?post=322"}],"version-history":[{"count":6,"href":"https:\/\/windrichtung-begleitung.de\/index.php\/wp-json\/wp\/v2\/pages\/322\/revisions"}],"predecessor-version":[{"id":391,"href":"https:\/\/windrichtung-begleitung.de\/index.php\/wp-json\/wp\/v2\/pages\/322\/revisions\/391"}],"wp:attachment":[{"href":"https:\/\/windrichtung-begleitung.de\/index.php\/wp-json\/wp\/v2\/media?parent=322"}],"curies":[{"name":"wp","href":"https:\/\/api.w.org\/{rel}","templated":true}]}}