{"id":319,"date":"2022-08-04T15:49:31","date_gmt":"2022-08-04T14:49:31","guid":{"rendered":"http:\/\/windrichtung-begleitung.de\/?page_id=319"},"modified":"2022-08-10T12:55:20","modified_gmt":"2022-08-10T11:55:20","slug":"windrichtung","status":"publish","type":"page","link":"https:\/\/windrichtung-begleitung.de\/","title":{"rendered":"Windrichtung"},"content":{"rendered":"<p>[et_pb_section fb_built=&#8221;1&#8243; _builder_version=&#8221;4.17.6&#8243; _module_preset=&#8221;default&#8221; custom_padding=&#8221;6px||0px|||&#8221; global_colors_info=&#8221;{}&#8221;][et_pb_row _builder_version=&#8221;4.17.6&#8243; _module_preset=&#8221;default&#8221; global_colors_info=&#8221;{}&#8221; custom_padding=&#8221;15px|||||&#8221;][et_pb_column type=&#8221;4_4&#8243; _builder_version=&#8221;4.17.6&#8243; _module_preset=&#8221;default&#8221; global_colors_info=&#8221;{}&#8221;][et_pb_text _builder_version=&#8221;4.17.6&#8243; _module_preset=&#8221;default&#8221; header_text_align=&#8221;center&#8221; header_2_font=&#8221;Anton|700|||on||||&#8221; header_2_text_align=&#8221;center&#8221; header_2_font_size=&#8221;45px&#8221; global_colors_info=&#8221;{}&#8221; custom_margin=&#8221;||-25px|||&#8221;]<\/p>\n<header id=\"SITE_HEADER_WRAPPER\" tabindex=\"-1\">\n<div id=\"SITE_HEADER\" class=\"_3Fgqs Xf6e1\">\n<div class=\"_319u9\">\n<div class=\"_1U65c\">\n<div data-mesh-id=\"SITE_HEADERinlineContent\" data-testid=\"inline-content\" class=\"\">\n<div data-mesh-id=\"SITE_HEADERinlineContent-gridContainer\" data-testid=\"mesh-container-content\">\n<div id=\"comp-krbzbl33\" class=\"_1Q9if _3bcaz\" data-testid=\"richTextElement\" data-angle=\"0\" data-angle-style-location=\"style\" data-screen-in-hide=\"done\">\n<h2 class=\"font_2\"><span>Windrichtung-Begleitung<\/span><\/h2>\n<\/div>\n<\/div>\n<\/div>\n<\/div>\n<\/div>\n<\/div>\n<\/header>\n<p>[\/et_pb_text][\/et_pb_column][\/et_pb_row][\/et_pb_section][et_pb_section fb_built=&#8221;1&#8243; admin_label=&#8221;section&#8221; _builder_version=&#8221;4.17.6&#8243; background_image=&#8221;http:\/\/windrichtung-begleitung.de\/wp-content\/uploads\/2021\/04\/inklusion-large.png&#8221; parallax=&#8221;on&#8221; parallax_method=&#8221;off&#8221; custom_padding=&#8221;||87px|||&#8221; hover_enabled=&#8221;0&#8243; global_colors_info=&#8221;{}&#8221; sticky_enabled=&#8221;0&#8243;][et_pb_row _builder_version=&#8221;4.17.6&#8243; _module_preset=&#8221;default&#8221; min_height=&#8221;366.3px&#8221; global_colors_info=&#8221;{}&#8221; custom_padding=&#8221;||0px|||&#8221;][et_pb_column type=&#8221;4_4&#8243; _builder_version=&#8221;4.17.6&#8243; _module_preset=&#8221;default&#8221; global_colors_info=&#8221;{}&#8221;][et_pb_text _builder_version=&#8221;4.17.6&#8243; _module_preset=&#8221;default&#8221; header_2_font=&#8221;Bilbo Swash Caps|700|||||||&#8221; header_2_text_color=&#8221;#E02B20&#8243; header_2_font_size=&#8221;39px&#8221; header_2_letter_spacing=&#8221;8px&#8221; header_2_line_height=&#8221;1.4em&#8221; hover_enabled=&#8221;0&#8243; header_2_text_shadow_style=&#8221;preset4&#8243; header_2_text_shadow_color=&#8221;#FFFFFF&#8221; global_colors_info=&#8221;{}&#8221; header_2_font_size_last_edited=&#8221;on|phone&#8221; header_2_font_size_phone=&#8221;42px&#8221; sticky_enabled=&#8221;0&#8243; header_2_font_size_tablet=&#8221;39px&#8221;]<\/p>\n<h2 class=\"font_2\" style=\"text-align: center;\"><span>Sei\u00a0 Du \u00a0selbst\u00a0 dieVer\u00e4nderung ,die Du Dir w\u00fcnschst f\u00fcr diese Welt<br \/><\/span><\/h2>\n<p>[\/et_pb_text][et_pb_text _builder_version=&#8221;4.17.6&#8243; _module_preset=&#8221;default&#8221; header_2_font=&#8221;Bilbo Swash Caps|700|||||||&#8221; header_2_text_color=&#8221;#E02B20&#8243; header_2_font_size=&#8221;39px&#8221; header_2_letter_spacing=&#8221;3px&#8221; header_2_line_height=&#8221;1.1em&#8221; hover_enabled=&#8221;0&#8243; header_2_text_shadow_style=&#8221;preset4&#8243; header_2_text_shadow_horizontal_length=&#8221;0.05em&#8221; header_2_text_shadow_blur_strength=&#8221;0.01em&#8221; header_2_text_shadow_color=&#8221;#FFFFFF&#8221; global_colors_info=&#8221;{}&#8221; sticky_enabled=&#8221;0&#8243;]<\/p>\n<div id=\"comp-krndsovh\" class=\"_2Hij5 _3bcaz\" data-testid=\"richTextElement\" data-angle=\"0\" data-angle-style-location=\"style\" data-screen-in-hide=\"done\">\n<h2 class=\"font_2\" style=\"text-align: center;\"><span>M . Gandhi 1869- 1948<\/span><\/h2>\n<\/div>\n<section id=\"comp-imkchrf5\" class=\"_3d64y\">\n<div id=\"bgLayers_comp-imkchrf5\" data-hook=\"bgLayers\" class=\"_3wnIc\"><\/div>\n<\/section>\n<h2 class=\"font_2\"><span>\u00a0<\/span><\/h2>\n<p>[\/et_pb_text][\/et_pb_column][\/et_pb_row][et_pb_row column_structure=&#8221;1_2,1_2&#8243; use_custom_gutter=&#8221;on&#8221; gutter_width=&#8221;4&#8243; _builder_version=&#8221;4.17.6&#8243; _module_preset=&#8221;default&#8221; module_alignment=&#8221;center&#8221; global_colors_info=&#8221;{}&#8221;][et_pb_column type=&#8221;1_2&#8243; _builder_version=&#8221;4.17.6&#8243; _module_preset=&#8221;default&#8221; background_enable_color=&#8221;off&#8221; global_colors_info=&#8221;{}&#8221;][et_pb_image src=&#8221;http:\/\/windrichtung-begleitung.de\/wp-content\/uploads\/2022\/08\/inklusion-1_edited.webp&#8221; title_text=&#8221;inklusion (1)_edited&#8221; _builder_version=&#8221;4.17.6&#8243; _module_preset=&#8221;default&#8221; custom_margin=&#8221;|-59px||||&#8221; hover_enabled=&#8221;0&#8243; global_colors_info=&#8221;{}&#8221; sticky_enabled=&#8221;0&#8243;][\/et_pb_image][et_pb_text _builder_version=&#8221;4.17.6&#8243; _module_preset=&#8221;default&#8221; header_3_font=&#8221;|700|||||||&#8221; header_3_text_align=&#8221;center&#8221; background_color=&#8221;#FFFFFF&#8221; custom_margin=&#8221;||-3px|||&#8221; border_radii=&#8221;on|5px|5px|5px|5px&#8221; border_width_all=&#8221;1px&#8221; global_colors_info=&#8221;{}&#8221; custom_padding=&#8221;||4px|||&#8221;]<\/p>\n<div id=\"comp-imojcwgb\" class=\"_1Q9if _3bcaz\" data-testid=\"richTextElement\">\n<h3 class=\"font_5\"><span><span class=\"color_19\">Die Windrichtung-Brosch\u00fcre herunterladen<\/span><\/span><\/h3>\n<div id=\"comp-imojty4y\" class=\"_1Q9if _3bcaz\" data-testid=\"richTextElement\">\n<p class=\"font_8\" style=\"text-align: center;\"><span>Hier k\u00f6nnen Sie unsere Brosch\u00fcre mit allen Informationen downloaden und ausdrucken.<\/span><\/p>\n<\/div>\n<div id=\"comp-imom3dmg\" class=\"\">\n<div data-testid=\"svgRoot-comp-imom3dmg\" class=\"_3bLYT _2OIRR\"><\/div>\n<\/div>\n<\/div>\n<div id=\"comp-imojty4y\" class=\"_1Q9if _3bcaz\" data-testid=\"richTextElement\"><\/div>\n<p>[\/et_pb_text][et_pb_blurb title=&#8221;Brosch\u00fcre runterladen&#8221; use_icon=&#8221;on&#8221; font_icon=&#8221;&#xf1c1;||fa||400&#8243; icon_color=&#8221;#E02B20&#8243; image_icon_background_color=&#8221;#FFFFFF&#8221; image_icon_width=&#8221;93px&#8221; _builder_version=&#8221;4.17.6&#8243; _module_preset=&#8221;default&#8221; header_font=&#8221;|700|||||||&#8221; header_text_align=&#8221;center&#8221; background_color=&#8221;#FFFFFF&#8221; border_radii_image=&#8221;on|4px|4px|4px|4px&#8221; border_color_all_image=&#8221;#E02B20&#8243; global_colors_info=&#8221;{}&#8221;][\/et_pb_blurb][\/et_pb_column][et_pb_column type=&#8221;1_2&#8243; _builder_version=&#8221;4.17.6&#8243; _module_preset=&#8221;default&#8221; background_color=&#8221;#FFFFFF&#8221; global_colors_info=&#8221;{}&#8221;][et_pb_text _builder_version=&#8221;4.17.6&#8243; _module_preset=&#8221;default&#8221; background_enable_color=&#8221;off&#8221; text_orientation=&#8221;center&#8221; custom_margin=&#8221;20px|20px|20px|20px|true|true&#8221; hover_enabled=&#8221;0&#8243; global_colors_info=&#8221;{}&#8221; sticky_enabled=&#8221;0&#8243;]<\/p>\n<h3 style=\"text-align: center;\"><strong>Willkommen bei der<\/strong><br \/><strong>Windrichtung<\/strong><\/h3>\n<p style=\"text-align: left;\">Das Team der Windrichtung besteht aus Mitarbeiter\/innen, \u00a0die schon seit vielen Jahren in der Integration\/Inklusion\u00a0t\u00e4tig sind und viel Erfahrung mit den verschiedenen\u00a0Themen in diesem Bereich mitbringen.\u00a0So wird eine qualitativ hochwertige, individuelle und\u00a0professionelle Betreuung sichergestellt.\u00a0Aus diesem Grund nehmen unsere Mitarbeiter\/innen\u00a0regelm\u00e4\u00dfig an Fortbildungen und Schulungen teil,\u00a0um dem aktuellen Standart zu entsprechen.<\/p>\n<p class=\"font_8\"><span>\u00a0 \u00a0 \u00a0 \u00a0 <\/span><\/p>\n<h3 class=\"font_8\"><span>\u00a0 \u00a0 \u00a0 \u00a0 \u00a0 \u00a0<strong>Unsere Idee:<\/strong><\/span><\/h3>\n<p class=\"font_8\"><span><span class=\"wixGuard\">\u200b<\/span><\/span><\/p>\n<p class=\"font_8\" style=\"text-align: left;\"><span>Dem Team der Windrichtung liegt es am Herzen, das Kindern mit physischen und psychischen Beeintr\u00e4chtigungen und Kindern mit sozialschwierigem Hintergrund der schulische sowie au\u00dferschulische Alltag <\/span><span>und die Teilhabe in unserer Gesellschaft erm\u00f6glicht wird.<\/span><\/p>\n<p class=\"font_8\" style=\"text-align: left;\"><span><span class=\"wixGuard\">\u200b<\/span><\/span><\/p>\n<p class=\"font_8\" style=\"text-align: left;\"><span>Dies bedeutet, das wir individuell, kompetent, und\u00a0<\/span><span>fachgerecht arbeiten, um die uns anvertrauten Kinder zu<\/span><\/p>\n<p class=\"font_8\" style=\"text-align: left;\"><span>st\u00e4rken, zu fordern und zu f\u00f6rdern, begleitend an ihrer\u00a0<\/span><span>Seite zu sein, um sie in eine sichere Zukunft gehen zu\u00a0<\/span><span>lassen.<\/span><\/p>\n<p>[\/et_pb_text][\/et_pb_column][\/et_pb_row][et_pb_row use_custom_gutter=&#8221;on&#8221; gutter_width=&#8221;4&#8243; _builder_version=&#8221;4.17.6&#8243; _module_preset=&#8221;default&#8221; background_enable_color=&#8221;off&#8221; use_background_color_gradient=&#8221;on&#8221; background_color_gradient_stops=&#8221;#ffffff 0%|rgba(255,255,255,0.85) 100%&#8221; module_alignment=&#8221;center&#8221; global_colors_info=&#8221;{}&#8221;][et_pb_column type=&#8221;4_4&#8243; _builder_version=&#8221;4.17.6&#8243; _module_preset=&#8221;default&#8221; global_colors_info=&#8221;{}&#8221;][et_pb_text _builder_version=&#8221;4.17.6&#8243; _module_preset=&#8221;default&#8221; custom_margin=&#8221;15px|15px|15px|15px|true|true&#8221; global_colors_info=&#8221;{}&#8221;]<\/p>\n<p class=\"font_8\"><span>Wir, das Team von Windrichtung-Begleitung, haben es uns zur Aufgabe gemacht, Kinder und Jugendliche mit\u00a0<\/span><span>physischen und psychischen Problematiken, sowie den Schulen und Lehrern, Erziehern in den Kitas und auch\u00a0<\/span><span>den Eltern bzw. gesetzlichen Vertretern in soweit zu unterst\u00fctzen, dass eine ma\u00dfgebliche und bestm\u00f6gliche\u00a0<\/span><span>Teilnahme und Normalit\u00e4t im Schulbesuch, Kitabesuch und im allt\u00e4glichen Leben erreicht werden kann.<\/span><\/p>\n<p class=\"font_8\"><span class=\"wixGuard\">\u200b<\/span><span>Dies bedeutet genauer:<\/span><\/p>\n<h3 class=\"font_8\"><strong><span class=\"wixGuard\">\u200b<\/span>In der Kita:<\/strong><\/h3>\n<p class=\"font_8\"><span><span class=\"wixGuard\">\u200b<\/span><\/span><\/p>\n<ul class=\"font_8\">\n<li>\n<p class=\"font_8\"><span>Das Kind wird beim Spielen individuell und situationsbedingt begleitet<\/span><\/p>\n<\/li>\n<li>\n<p class=\"font_8\"><span>Das Kind bekommt Hilfe bei Aktivit\u00e4ten in der Gruppe<\/span><\/p>\n<\/li>\n<li>\n<p class=\"font_8\"><span>Begleitung und Hilfe bei interaktiven Situationen und sozialen Kontakten<\/span><\/p>\n<\/li>\n<li>\n<p class=\"font_8\"><span>Aufbau der Beziehung vom Kind zur Gruppe und umgekehrt<\/span><\/p>\n<\/li>\n<li>\n<p class=\"font_8\"><span>Soziale Strukturen und Kompetenzen alltagsbezogen aufbauen und erweitern<\/span><\/p>\n<\/li>\n<li>\n<p class=\"font_8\"><span>Eigenorganisation , Selbstst\u00e4ndigkeit und Eigeninitiative des Kindes st\u00e4rken<\/span><\/p>\n<\/li>\n<\/ul>\n<p class=\"font_8\"><span><span class=\"wixGuard\">\u200b<\/span><\/span><\/p>\n<h3><strong><span class=\"wixGuard\">\u200b<\/span><span style=\"font-size: 14px;\">In der Schule:<\/span><\/strong><\/h3>\n<p class=\"font_8\"><span><span class=\"wixGuard\">\u200b<\/span><\/span><\/p>\n<ul class=\"font_8\">\n<li>\n<p class=\"font_8\"><span>Das Kind wird im Unterricht individuell und situationsbedingt begleitet<\/span><\/p>\n<\/li>\n<li>\n<p class=\"font_8\"><span>Das Kind bekommt Hilfe bei Aktivit\u00e4ten im Klassenverband<\/span><\/p>\n<\/li>\n<li>\n<p class=\"font_8\"><span>Begleitung und Hilfe bei interaktiven Situationen und sozialen Kontakten<\/span><\/p>\n<\/li>\n<li>\n<p class=\"font_8\"><span>Aufbau der Beziehung vom Kind zur Klasse und umgekehrt<\/span><\/p>\n<\/li>\n<li>\n<p class=\"font_8\"><span>Soziale und organisatorische Strukturen Schulbezogen aufbauen und erweitern<\/span><\/p>\n<\/li>\n<li>\n<p class=\"font_8\"><span>Eigenorganisation , Selbstst\u00e4ndigkeit und Eigeninitiative des Kindes st\u00e4rken\u00a0<\/span><\/p>\n<\/li>\n<\/ul>\n<p>[\/et_pb_text][\/et_pb_column][\/et_pb_row][\/et_pb_section][et_pb_section fb_built=&#8221;1&#8243; _builder_version=&#8221;4.17.6&#8243; _module_preset=&#8221;default&#8221; background_color=&#8221;#004968&#8243; min_height=&#8221;163px&#8221; saved_tabs=&#8221;all&#8221; global_colors_info=&#8221;{}&#8221; global_module=&#8221;390&#8243; theme_builder_area=&#8221;post_content&#8221;][et_pb_row column_structure=&#8221;1_3,1_3,1_3&#8243; _builder_version=&#8221;4.17.6&#8243; _module_preset=&#8221;default&#8221; global_colors_info=&#8221;{}&#8221; theme_builder_area=&#8221;post_content&#8221;][et_pb_column type=&#8221;1_3&#8243; _builder_version=&#8221;4.17.6&#8243; _module_preset=&#8221;default&#8221; global_colors_info=&#8221;{}&#8221; theme_builder_area=&#8221;post_content&#8221;][et_pb_text _builder_version=&#8221;4.17.6&#8243; _module_preset=&#8221;default&#8221; global_colors_info=&#8221;{}&#8221; theme_builder_area=&#8221;post_content&#8221;]<\/p>\n<p class=\"font_2\"><strong><span style=\"color: #ffffff;\"><a href=\"http:\/\/windrichtung-begleitung.de\/index.php\/impressum\/\" style=\"color: #ffffff;\">Impressum<\/a><\/span><\/strong><\/p>\n<p class=\"font_2\"><strong><span style=\"color: #ffffff;\"><a href=\"http:\/\/windrichtung-begleitung.de\/index.php\/datenschutz\/\" style=\"color: #ffffff;\">Datenschutz<\/a><\/span><\/strong><\/p>\n<p class=\"font_2\"><strong><span style=\"color: #ffffff;\"><\/span><\/strong><\/p>\n<p>[\/et_pb_text][\/et_pb_column][et_pb_column type=&#8221;1_3&#8243; _builder_version=&#8221;4.17.6&#8243; _module_preset=&#8221;default&#8221; global_colors_info=&#8221;{}&#8221; theme_builder_area=&#8221;post_content&#8221;][et_pb_blurb title=&#8221;Kontakt&#8221; _builder_version=&#8221;4.17.6&#8243; _module_preset=&#8221;default&#8221; header_font=&#8221;|700|||||||&#8221; header_text_align=&#8221;center&#8221; header_text_color=&#8221;#FFFFFF&#8221; header_font_size=&#8221;23px&#8221; body_text_color=&#8221;#FFFFFF&#8221; text_orientation=&#8221;center&#8221; global_colors_info=&#8221;{}&#8221; theme_builder_area=&#8221;post_content&#8221;]<\/p>\n<div id=\"comp-imk772sx\" class=\"_2Hij5 _3bcaz\" data-testid=\"richTextElement\">\n<p class=\"font_8\"><span><span class=\"color_17\">Tel.: +49 15140341597<br \/><\/span><\/span><span style=\"font-size: 14px;\">E-Mail: tina.hardt@windrichtung-begleitung.de<\/span><\/p>\n<\/div>\n<div id=\"comp-iltg1qd3\" class=\"_1Q9if _3bcaz\" data-testid=\"richTextElement\"><\/div>\n<p>[\/et_pb_blurb][\/et_pb_column][et_pb_column type=&#8221;1_3&#8243; _builder_version=&#8221;4.17.6&#8243; _module_preset=&#8221;default&#8221; global_colors_info=&#8221;{}&#8221; theme_builder_area=&#8221;post_content&#8221;][et_pb_blurb title=&#8221;Adresse&#8221; _builder_version=&#8221;4.17.6&#8243; _module_preset=&#8221;default&#8221; header_font=&#8221;|700|||||||&#8221; header_text_align=&#8221;center&#8221; header_text_color=&#8221;#FFFFFF&#8221; header_font_size=&#8221;23px&#8221; body_text_color=&#8221;#FFFFFF&#8221; text_orientation=&#8221;center&#8221; global_colors_info=&#8221;{}&#8221; theme_builder_area=&#8221;post_content&#8221;]<\/p>\n<div id=\"comp-imk772sx\" class=\"_2Hij5 _3bcaz\" data-testid=\"richTextElement\">\n<p class=\"font_8\"><span class=\"color_17\">Bahnstrasse 63<\/span><span class=\"color_17\">40822 Mettmann<\/span><\/p>\n<p class=\"font_8\"><span class=\"color_17\">Deutschland<\/span><\/p>\n<\/div>\n<p>[\/et_pb_blurb][\/et_pb_column][\/et_pb_row][\/et_pb_section]<\/p>\n","protected":false},"excerpt":{"rendered":"<p>Windrichtung-Begleitung Sei\u00a0 Du \u00a0selbst\u00a0 dieVer\u00e4nderung ,die Du Dir w\u00fcnschst f\u00fcr diese Welt M . Gandhi 1869- 1948 \u00a0 Die Windrichtung-Brosch\u00fcre herunterladen Hier k\u00f6nnen Sie unsere Brosch\u00fcre mit allen Informationen downloaden und ausdrucken. Willkommen bei derWindrichtung Das Team der Windrichtung besteht aus Mitarbeiter\/innen, \u00a0die schon seit vielen Jahren in der Integration\/Inklusion\u00a0t\u00e4tig sind und viel Erfahrung mit [&hellip;]<\/p>\n","protected":false},"author":1,"featured_media":0,"parent":0,"menu_order":0,"comment_status":"closed","ping_status":"closed","template":"","meta":{"_et_pb_use_builder":"on","_et_pb_old_content":"<!-- wp:divi\/placeholder \/-->","_et_gb_content_width":"","footnotes":""},"class_list":["post-319","page","type-page","status-publish","hentry"],"_links":{"self":[{"href":"https:\/\/windrichtung-begleitung.de\/index.php\/wp-json\/wp\/v2\/pages\/319","targetHints":{"allow":["GET"]}}],"collection":[{"href":"https:\/\/windrichtung-begleitung.de\/index.php\/wp-json\/wp\/v2\/pages"}],"about":[{"href":"https:\/\/windrichtung-begleitung.de\/index.php\/wp-json\/wp\/v2\/types\/page"}],"author":[{"embeddable":true,"href":"https:\/\/windrichtung-begleitung.de\/index.php\/wp-json\/wp\/v2\/users\/1"}],"replies":[{"embeddable":true,"href":"https:\/\/windrichtung-begleitung.de\/index.php\/wp-json\/wp\/v2\/comments?post=319"}],"version-history":[{"count":15,"href":"https:\/\/windrichtung-begleitung.de\/index.php\/wp-json\/wp\/v2\/pages\/319\/revisions"}],"predecessor-version":[{"id":444,"href":"https:\/\/windrichtung-begleitung.de\/index.php\/wp-json\/wp\/v2\/pages\/319\/revisions\/444"}],"wp:attachment":[{"href":"https:\/\/windrichtung-begleitung.de\/index.php\/wp-json\/wp\/v2\/media?parent=319"}],"curies":[{"name":"wp","href":"https:\/\/api.w.org\/{rel}","templated":true}]}}